{"id":1195,"date":"2025-03-03T16:07:02","date_gmt":"2025-03-03T15:07:02","guid":{"rendered":"https:\/\/assemdee.com\/?page_id=1195"},"modified":"2025-04-28T12:43:32","modified_gmt":"2025-04-28T10:43:32","slug":"impressum","status":"publish","type":"page","link":"https:\/\/assemdee.com\/en\/impressum\/","title":{"rendered":"Imprint"},"content":{"rendered":"<div data-elementor-type=\"wp-page\" data-elementor-id=\"1195\" class=\"elementor elementor-1195\" data-elementor-post-type=\"page\">\n\t\t\t\t<div class=\"elementor-element elementor-element-256c856 e-flex e-con-boxed e-con e-parent\" data-id=\"256c856\" data-element_type=\"container\">\n\t\t\t\t\t<div class=\"e-con-inner\">\n\t\t\t\t<div class=\"elementor-element elementor-element-9c05593 elementor-widget elementor-widget-heading\" data-id=\"9c05593\" data-element_type=\"widget\" data-widget_type=\"heading.default\">\n\t\t\t\t<div class=\"elementor-widget-container\">\n\t\t\t\t\t<h2 class=\"elementor-heading-title elementor-size-default\">Imprint<\/h2>\t\t\t\t<\/div>\n\t\t\t\t<\/div>\n\t\t\t\t<div class=\"elementor-element elementor-element-4b76bbb elementor-widget elementor-widget-text-editor\" data-id=\"4b76bbb\" data-element_type=\"widget\" data-widget_type=\"text-editor.default\">\n\t\t\t\t<div class=\"elementor-widget-container\">\n\t\t\t\t\t\t\t\t\t<p><b>Information according to \u00a7 5 TMG<\/b><\/p>\n<p><span style=\"font-weight: 400;\">assemdee<\/span><span style=\"font-weight: 400;\"><br><\/span><span style=\"font-weight: 400;\">Daniel Heinsen<\/span><span style=\"font-weight: 400;\"><br><\/span><span style=\"font-weight: 400;\">Blessenberg 29<\/span><span style=\"font-weight: 400;\"><br><\/span><span style=\"font-weight: 400;\">23701 Eutin<\/span><\/p>\n<p><b>Contact<\/b><\/p>\n<p><span style=\"font-weight: 400;\">E-Mail: contact@assemdee.com<\/span><\/p>\n<p><b>Responsible for the content according to \u00a7 55 Abs. 2 RStV<\/b><\/p>\n<p><span style=\"font-weight: 400;\">Daniel Heinsen<\/span><span style=\"font-weight: 400;\"><br><\/span><span style=\"font-weight: 400;\">Blessenberg 29<\/span><span style=\"font-weight: 400;\"><br><\/span><span style=\"font-weight: 400;\">23701 Eutin<\/span><\/p>\n<p><span style=\"font-weight: 400;\">Fotos: eigene, lizenzfrei und von www.marenpokroppa.de.<\/span><\/p>\n<p><b>Dispute resolution<\/b><\/p>\n<p><span style=\"font-weight: 400;\">The European Commission provides a platform for online dispute resolution (OS):https:\/\/ec.europa.eu\/consumers\/odr. You can find our e-mail address in the legal notice above.\nWe are not willing or obliged to participate in dispute resolution proceedings before a consumer arbitration board.<\/span><span style=\"font-weight: 400;\"><br><\/span><a href=\"https:\/\/ec.europa.eu\/consumers\/odr\" target=\"_blank\" rel=\"noopener\"><span style=\"font-weight: 400;\">https:\/\/ec.europa.eu\/consumers\/odr<\/span><\/a><span style=\"font-weight: 400;\">. Unsere E-Mail-Adresse finden Sie oben im Impressum.<\/span><\/p>\n<p><span style=\"font-weight: 400;\">Wir sind nicht bereit oder verpflichtet, an Streitbeilegungsverfahren vor einer Verbraucherschlichtungsstelle teilzunehmen.<\/span><\/p>\n<p><b>Liability for content<\/b><\/p>\n<p><span style=\"font-weight: 400;\">Als Diensteanbieter sind wir gem\u00e4\u00df \u00a7 7 Abs.1 TMG f\u00fcr eigene Inhalte auf diesen Seiten nach den&nbsp;allgemeinen Gesetzen verantwortlich. Nach \u00a7\u00a7 8 bis 10 TMG sind wir als Diensteanbieter jedoch nicht&nbsp;verpflichtet, \u00fcbermittelte oder gespeicherte fremde Informationen zu \u00fcberwachen oder nach Umst\u00e4nden&nbsp;zu forschen, die auf eine rechtswidrige T\u00e4tigkeit hinweisen.&nbsp;<\/span><\/p>\n<p><span style=\"font-weight: 400;\">Verpflichtungen zur Entfernung oder Sperrung der Nutzung von Informationen nach den allgemeinen&nbsp;Gesetzen bleiben hiervon unber\u00fchrt. Eine diesbez\u00fcgliche Haftung ist jedoch erst ab dem Zeitpunkt der&nbsp;Kenntnis einer konkreten Rechtsverletzung m\u00f6glich. Bei Bekanntwerden von entsprechenden&nbsp;Rechtsverletzungen werden wir diese Inhalte umgehend entfernen.<\/span><\/p>\n<p><b>Liability for links<\/b><\/p>\n<p><span style=\"font-weight: 400;\">Unser Angebot enth\u00e4lt Links zu externen Websites Dritter, auf deren Inhalte wir keinen Einfluss haben.&nbsp;Deshalb k\u00f6nnen wir f\u00fcr diese fremden Inhalte auch keine Gew\u00e4hr \u00fcbernehmen. F\u00fcr die Inhalte der&nbsp;verlinkten Seiten ist stets der jeweilige Anbieter oder Betreiber der Seiten verantwortlich. Die verlinkten&nbsp;Seiten wurden zum Zeitpunkt der Verlinkung auf m\u00f6gliche Rechtsverst\u00f6\u00dfe \u00fcberpr\u00fcft. Rechtswidrige&nbsp;Inhalte waren zum Zeitpunkt der Verlinkung nicht erkennbar.<\/span><\/p>\n<p><span style=\"font-weight: 400;\">Eine permanente inhaltliche Kontrolle der verlinkten Seiten ist jedoch ohne konkrete Anhaltspunkte einer&nbsp;Rechtsverletzung nicht zumutbar. Bei Bekanntwerden von Rechtsverletzungen werden wir derartige Links&nbsp;umgehend entfernen.<\/span><\/p>\n<p><b>Copyright<\/b><\/p>\n<p><span style=\"font-weight: 400;\">Die durch die Seitenbetreiber erstellten Inhalte und Werke auf diesen Seiten unterliegen dem deutschen&nbsp;Urheberrecht. Die Vervielf\u00e4ltigung, Bearbeitung, Verbreitung und jede Art der Verwertung au\u00dferhalb der&nbsp;Grenzen des Urheberrechtes bed\u00fcrfen der schriftlichen Zustimmung des jeweiligen Autors bzw.&nbsp;Erstellers. Downloads und Kopien dieser Seite sind nur f\u00fcr den privaten, nicht kommerziellen Gebrauch&nbsp;gestattet.<\/span><\/p>\n<p><span style=\"font-weight: 400;\">Soweit die Inhalte auf dieser Seite nicht vom Betreiber erstellt wurden, werden die Urheberrechte Dritter&nbsp;beachtet. Insbesondere werden Inhalte Dritter als solche gekennzeichnet. Sollten Sie trotzdem auf eine&nbsp;Urheberrechtsverletzung aufmerksam werden, bitten wir um einen entsprechenden Hinweis. Bei&nbsp;Bekanntwerden von Rechtsverletzungen werden wir derartige Inhalte umgehend entfernen.&nbsp;<\/span><\/p>\n<p><i><span style=\"font-weight: 400;\">Source:&nbsp;<\/span><\/i><a href=\"https:\/\/www.e-recht24.de\/\" target=\"_blank\" rel=\"noopener\"><i><span style=\"font-weight: 400;\">eRecht24<\/span><\/i><\/a><\/p>\t\t\t\t\t\t\t\t<\/div>\n\t\t\t\t<\/div>\n\t\t\t\t\t<\/div>\n\t\t\t\t<\/div>\n\t\t\t\t<\/div>","protected":false},"excerpt":{"rendered":"<p>Impressum Angaben gem\u00e4\u00df \u00a7 5 TMG assemdeeDaniel HeinsenBlessenberg 2923701 Eutin Kontakt E-Mail: contact@assemdee.com Verantwortlich f\u00fcr den Inhalt nach \u00a7 55 Abs. 2 RStV Daniel HeinsenBlessenberg 2923701 Eutin Fotos: eigene, lizenzfrei und von www.marenpokroppa.de. Streitschlichtung Die Europ\u00e4ische Kommission stellt eine Plattform zur Online-Streitbeilegung (OS) bereit:https:\/\/ec.europa.eu\/consumers\/odr. Unsere E-Mail-Adresse finden Sie oben im Impressum. Wir sind nicht bereit [&hellip;]<\/p>","protected":false},"author":3,"featured_media":0,"parent":0,"menu_order":0,"comment_status":"closed","ping_status":"closed","template":"","meta":{"footnotes":""},"class_list":["post-1195","page","type-page","status-publish","hentry"],"_links":{"self":[{"href":"https:\/\/assemdee.com\/en\/wp-json\/wp\/v2\/pages\/1195","targetHints":{"allow":["GET"]}}],"collection":[{"href":"https:\/\/assemdee.com\/en\/wp-json\/wp\/v2\/pages"}],"about":[{"href":"https:\/\/assemdee.com\/en\/wp-json\/wp\/v2\/types\/page"}],"author":[{"embeddable":true,"href":"https:\/\/assemdee.com\/en\/wp-json\/wp\/v2\/users\/3"}],"replies":[{"embeddable":true,"href":"https:\/\/assemdee.com\/en\/wp-json\/wp\/v2\/comments?post=1195"}],"version-history":[{"count":10,"href":"https:\/\/assemdee.com\/en\/wp-json\/wp\/v2\/pages\/1195\/revisions"}],"predecessor-version":[{"id":2055,"href":"https:\/\/assemdee.com\/en\/wp-json\/wp\/v2\/pages\/1195\/revisions\/2055"}],"wp:attachment":[{"href":"https:\/\/assemdee.com\/en\/wp-json\/wp\/v2\/media?parent=1195"}],"curies":[{"name":"wp","href":"https:\/\/api.w.org\/{rel}","templated":true}]}}